{"id":11,"date":"2021-03-01T17:04:34","date_gmt":"2021-03-01T16:04:34","guid":{"rendered":"http:\/\/www.f1syh.ampr.org\/index.php\/mesmerize\/"},"modified":"2026-04-10T11:25:04","modified_gmt":"2026-04-10T09:25:04","slug":"mesmerize","status":"publish","type":"page","link":"https:\/\/www.f1syh.ampr.org\/","title":{"rendered":"HOME"},"content":{"rendered":"<div id=\"overlappable-1\" class=\"overlappable-4 content-section content-section-spacing\" style=\"background-color: #ffffff;\" data-label=\"Overlappable\" data-id=\"overlappable--1\" data-export-id=\"overlappable-4\" data-category=\"overlappable\" data-overlap=\"true\">\n<div class=\"gridContainer\">\n<div class=\"row spaced-cols text-center\" data-type=\"row\">\n<div class=\"col-xs-12 col-sm-4 col-padding\"><i class=\"fa icon fa-clone large shadow-large-black round aligncenter reverse color1\"><\/i><\/p>\n<div class=\"\" data-type=\"column\">\n<h5 class=\"\">Qui suis-je ?<\/h5>\n<p class=\"\">Passion\u00e9 de radio depuis 1989 et licenci\u00e9 depuis 1992.<\/p>\n<p>Indicatif: F-10784 (SWL), FA1SYH, FC1SYH, F1SYH<\/p>\n<p>Je pratique les modes num\u00e9riques en HF (FT8,FT4) , les QSO\u00a0 VHF\/UHF avec les amis sur les diff\u00e9rents relais du r\u00e9seau Auvergne -Rh\u00f4ne-Alpes (ARA)<\/p>\n<\/div>\n<\/div>\n<div class=\"col-xs-12 col-sm-4 col-padding\"><i class=\"fa icon fa-cogs large shadow-large-black round aligncenter reverse color1\"><\/i><\/p>\n<div class=\"\" data-type=\"column\">\n<h5 class=\"\">La station<\/h5>\n<p>&#8211; FT-710 AESS Yeasu \/ M-90D<\/p>\n<p class=\"\">-TS 140S Kenwood \/ MC60<\/p>\n<p>\u2013 DX 70 Alinco<\/p>\n<p>-FT-23 UHF Yeasu<\/p>\n<p>\u2013 TM 733e Kenwood (station mobile) + Diamond NR770 HSP \/<\/p>\n<p>\u2013 MD-380 TYT (DMR)<\/p>\n<p>-UV K5(8) Quansheng x2<\/p>\n<p>-U\/V 5R Boefeng<\/p>\n<p>-JT 208 Jintong<\/p>\n<p>\u2013 RSP1A (SDR) &#8212; G5RV Half\u00a0 RX OpenWebRX<\/p>\n<p>&#8211; EFW 40-10 \/\/ Comet VHF\/UHF\u00a0 Station Fixe<\/p>\n<p>-Turnstile 137MHz pour la r\u00e9ception SAT Meteor M2-3\/2-4<\/p>\n<p>&#8211; Hoxin HV-6<\/p>\n<p>&nbsp;<\/p>\n<\/div>\n<\/div>\n<div class=\"col-xs-12 col-sm-4 col-padding\"><i class=\"fa icon fa-magic large shadow-large-black round aligncenter reverse color1\"><\/i><\/p>\n<div class=\"\" data-type=\"column\">\n<h5 class=\"\">Projet en cours<\/h5>\n<p>&nbsp;<\/p>\n<\/div>\n<\/div>\n<\/div>\n<\/div>\n<\/div>\n","protected":false},"excerpt":{"rendered":"<p>Qui suis-je ? Passion\u00e9 de radio depuis 1989 et licenci\u00e9 depuis 1992. Indicatif: F-10784 (SWL), FA1SYH, FC1SYH, F1SYH Je pratique les modes num\u00e9riques en HF (FT8,FT4) , les QSO\u00a0 VHF\/UHF avec les amis sur les diff\u00e9rents relais du r\u00e9seau Auvergne -Rh\u00f4ne-Alpes (ARA) La station &#8211; FT-710 AESS Yeasu \/ M-90D -TS 140S Kenwood \/ MC60&hellip; <br \/> <a class=\"read-more\" href=\"https:\/\/www.f1syh.ampr.org\/\">Lire la suite<\/a><\/p>\n","protected":false},"author":1,"featured_media":0,"parent":0,"menu_order":0,"comment_status":"closed","ping_status":"closed","template":"page-templates\/homepage.php","meta":{"footnotes":""},"class_list":["post-11","page","type-page","status-publish","hentry"],"_links":{"self":[{"href":"https:\/\/www.f1syh.ampr.org\/index.php\/wp-json\/wp\/v2\/pages\/11","targetHints":{"allow":["GET"]}}],"collection":[{"href":"https:\/\/www.f1syh.ampr.org\/index.php\/wp-json\/wp\/v2\/pages"}],"about":[{"href":"https:\/\/www.f1syh.ampr.org\/index.php\/wp-json\/wp\/v2\/types\/page"}],"author":[{"embeddable":true,"href":"https:\/\/www.f1syh.ampr.org\/index.php\/wp-json\/wp\/v2\/users\/1"}],"replies":[{"embeddable":true,"href":"https:\/\/www.f1syh.ampr.org\/index.php\/wp-json\/wp\/v2\/comments?post=11"}],"version-history":[{"count":18,"href":"https:\/\/www.f1syh.ampr.org\/index.php\/wp-json\/wp\/v2\/pages\/11\/revisions"}],"predecessor-version":[{"id":694,"href":"https:\/\/www.f1syh.ampr.org\/index.php\/wp-json\/wp\/v2\/pages\/11\/revisions\/694"}],"wp:attachment":[{"href":"https:\/\/www.f1syh.ampr.org\/index.php\/wp-json\/wp\/v2\/media?parent=11"}],"curies":[{"name":"wp","href":"https:\/\/api.w.org\/{rel}","templated":true}]}}